{"id":18,"date":"2023-08-06T19:36:54","date_gmt":"2023-08-06T17:36:54","guid":{"rendered":"https:\/\/stasti.vidzeme.lv\/?page_id=18"},"modified":"2023-08-21T07:35:01","modified_gmt":"2023-08-21T05:35:01","slug":"vidzemes-stasti-2022","status":"publish","type":"page","link":"https:\/\/stasti.vidzeme.lv\/index.php\/vidzemes-stasti-2022\/","title":{"rendered":"Iepriek\u0161\u0113jie gadi"},"content":{"rendered":"\t\t<div data-elementor-type=\"wp-page\" data-elementor-id=\"18\" class=\"elementor elementor-18\" data-elementor-post-type=\"page\">\n\t\t\t\t\t\t\t<div class=\"elementor-element elementor-element-b90618a e-flex e-con-boxed e-con\" data-id=\"b90618a\" data-element_type=\"container\" data-settings=\"{&quot;content_width&quot;:&quot;boxed&quot;}\">\n\t\t\t\t\t<div class=\"e-con-inner\">\n\t\t<div class=\"elementor-element elementor-element-4bccf6a e-flex e-con-boxed e-con\" data-id=\"4bccf6a\" data-element_type=\"container\" data-settings=\"{&quot;content_width&quot;:&quot;boxed&quot;}\">\n\t\t\t\t\t<div class=\"e-con-inner\">\n\t\t\t\t<div class=\"elementor-element elementor-element-2ad39b0 elementor-widget elementor-widget-spacer\" data-id=\"2ad39b0\" data-element_type=\"widget\" data-widget_type=\"spacer.default\">\n\t\t\t\t<div class=\"elementor-widget-container\">\n\t\t\t<style>\/*! elementor - v3.15.0 - 20-08-2023 *\/\n.elementor-column .elementor-spacer-inner{height:var(--spacer-size)}.e-con{--container-widget-width:100%}.e-con-inner>.elementor-widget-spacer,.e-con>.elementor-widget-spacer{width:var(--container-widget-width,var(--spacer-size));--align-self:var(--container-widget-align-self,initial);--flex-shrink:0}.e-con-inner>.elementor-widget-spacer>.elementor-widget-container,.e-con-inner>.elementor-widget-spacer>.elementor-widget-container>.elementor-spacer,.e-con>.elementor-widget-spacer>.elementor-widget-container,.e-con>.elementor-widget-spacer>.elementor-widget-container>.elementor-spacer{height:100%}.e-con-inner>.elementor-widget-spacer>.elementor-widget-container>.elementor-spacer>.elementor-spacer-inner,.e-con>.elementor-widget-spacer>.elementor-widget-container>.elementor-spacer>.elementor-spacer-inner{height:var(--container-widget-height,var(--spacer-size))}<\/style>\t\t<div class=\"elementor-spacer\">\n\t\t\t<div class=\"elementor-spacer-inner\"><\/div>\n\t\t<\/div>\n\t\t\t\t<\/div>\n\t\t\t\t<\/div>\n\t\t\t\t<div class=\"elementor-element elementor-element-b55f3aa elementor-widget elementor-widget-heading\" data-id=\"b55f3aa\" data-element_type=\"widget\" data-widget_type=\"heading.default\">\n\t\t\t\t<div class=\"elementor-widget-container\">\n\t\t\t<style>\/*! elementor - v3.15.0 - 20-08-2023 *\/\n.elementor-heading-title{padding:0;margin:0;line-height:1}.elementor-widget-heading .elementor-heading-title[class*=elementor-size-]>a{color:inherit;font-size:inherit;line-height:inherit}.elementor-widget-heading .elementor-heading-title.elementor-size-small{font-size:15px}.elementor-widget-heading .elementor-heading-title.elementor-size-medium{font-size:19px}.elementor-widget-heading .elementor-heading-title.elementor-size-large{font-size:29px}.elementor-widget-heading .elementor-heading-title.elementor-size-xl{font-size:39px}.elementor-widget-heading .elementor-heading-title.elementor-size-xxl{font-size:59px}<\/style><h2 class=\"elementor-heading-title elementor-size-default\">Vidzemes st\u0101sti - notikums ar trad\u012bciju<\/h2>\t\t<\/div>\n\t\t\t\t<\/div>\n\t\t\t\t\t<\/div>\n\t\t\t\t<\/div>\n\t\t\t\t<div class=\"elementor-element elementor-element-d98ec9a elementor-widget elementor-widget-timeline-widget-addon\" data-id=\"d98ec9a\" data-element_type=\"widget\" data-widget_type=\"timeline-widget-addon.default\">\n\t\t\t\t<div class=\"elementor-widget-container\">\n\t\t\t<!-- ========= Timeline Widget Addon For Elementor 1.5 ========= -->\r\n<div id=\"twae-wrapper-d98ec9a\" class=\"twae-vertical twae-wrapper  twae-both-sided \">   \r\n    <div class=\"twae-start\"><\/div>    \r\n    <div id=\"twea-timeline-d98ec9a\" class=\"twae-timeline\" ><div id=\"story-90588fe\" class=\"twae-story twae-repeater-item twae-story-right twae-story-icon\">\r\n                <div class=\"twae-labels\" ><div class=\"twae-label-big\">2022<\/div><\/div><div class=\"twae-icon\"><i aria-hidden=\"true\" class=\"far fa-clock\"><\/i><\/div><div class=\"twae-arrow\"><\/div><div class=\"twae-content\"><div class=\"twae-title\">Vidzemes st\u0101sti 2022<\/div><div class=\"twae-media  large\"><img loading=\"lazy\" decoding=\"async\" width=\"1024\" height=\"683\" src=\"https:\/\/stasti.vidzeme.lv\/wp-content\/uploads\/2023\/08\/web-2022-Vidzemnieku-Darza-svetki-074-1024x683.jpg\" class=\"attachment-large size-large\" alt=\"\" srcset=\"https:\/\/stasti.vidzeme.lv\/wp-content\/uploads\/2023\/08\/web-2022-Vidzemnieku-Darza-svetki-074-1024x683.jpg 1024w, https:\/\/stasti.vidzeme.lv\/wp-content\/uploads\/2023\/08\/web-2022-Vidzemnieku-Darza-svetki-074-300x200.jpg 300w, https:\/\/stasti.vidzeme.lv\/wp-content\/uploads\/2023\/08\/web-2022-Vidzemnieku-Darza-svetki-074-768x512.jpg 768w, https:\/\/stasti.vidzeme.lv\/wp-content\/uploads\/2023\/08\/web-2022-Vidzemnieku-Darza-svetki-074-1536x1024.jpg 1536w, https:\/\/stasti.vidzeme.lv\/wp-content\/uploads\/2023\/08\/web-2022-Vidzemnieku-Darza-svetki-074-930x620.jpg 930w, https:\/\/stasti.vidzeme.lv\/wp-content\/uploads\/2023\/08\/web-2022-Vidzemnieku-Darza-svetki-074.jpg 1800w\" sizes=\"auto, (max-width: 1024px) 100vw, 1024px\" \/><\/div><div class=\"twae-description\"><p><a href=\"https:\/\/stasti.vidzeme.lv\/index.php\/2022-2\/\">Apskat\u012bt 2022. gada st\u0101stus<\/a><\/p><\/div>\r\n                <\/div>\r\n        <\/div><div id=\"story-64dc745\" class=\"twae-story twae-repeater-item twae-story-left twae-story-icon\">\r\n                <div class=\"twae-labels\" ><div class=\"twae-label-big\">2021<\/div><\/div><div class=\"twae-icon\"><i aria-hidden=\"true\" class=\"far fa-clock\"><\/i><\/div><div class=\"twae-arrow\"><\/div><div class=\"twae-content\"><div class=\"twae-title\">Vidzemes st\u0101sti 2021<\/div><div class=\"twae-media  large\"><img loading=\"lazy\" decoding=\"async\" width=\"1024\" height=\"683\" src=\"https:\/\/stasti.vidzeme.lv\/wp-content\/uploads\/2023\/08\/VDS-18-08-21-full-res-220-1024x683.jpg\" class=\"attachment-large size-large\" alt=\"\" srcset=\"https:\/\/stasti.vidzeme.lv\/wp-content\/uploads\/2023\/08\/VDS-18-08-21-full-res-220-1024x683.jpg 1024w, https:\/\/stasti.vidzeme.lv\/wp-content\/uploads\/2023\/08\/VDS-18-08-21-full-res-220-300x200.jpg 300w, https:\/\/stasti.vidzeme.lv\/wp-content\/uploads\/2023\/08\/VDS-18-08-21-full-res-220-768x512.jpg 768w, https:\/\/stasti.vidzeme.lv\/wp-content\/uploads\/2023\/08\/VDS-18-08-21-full-res-220-1536x1024.jpg 1536w, https:\/\/stasti.vidzeme.lv\/wp-content\/uploads\/2023\/08\/VDS-18-08-21-full-res-220-930x620.jpg 930w, https:\/\/stasti.vidzeme.lv\/wp-content\/uploads\/2023\/08\/VDS-18-08-21-full-res-220.jpg 2048w\" sizes=\"auto, (max-width: 1024px) 100vw, 1024px\" \/><\/div><div class=\"twae-description\"><p><a href=\"https:\/\/stasti.vidzeme.lv\/index.php\/2021-2\/\">Apskat\u012bt 2021. gada st\u0101stus<\/a><\/p><\/div>\r\n                <\/div>\r\n        <\/div><div id=\"story-780fcf1\" class=\"twae-story twae-repeater-item twae-story-right twae-story-icon\">\r\n                <div class=\"twae-labels\" ><div class=\"twae-label-big\">2020<\/div><\/div><div class=\"twae-icon\"><i aria-hidden=\"true\" class=\"far fa-clock\"><\/i><\/div><div class=\"twae-arrow\"><\/div><div class=\"twae-content\"><div class=\"twae-title\">Vidzemes st\u0101sti 2020 un agr\u0101k<\/div><div class=\"twae-media  large\"><img loading=\"lazy\" decoding=\"async\" width=\"1024\" height=\"766\" src=\"https:\/\/stasti.vidzeme.lv\/wp-content\/uploads\/2023\/08\/pexels-aleksandr-kolobashkin-17781556-scaled.jpg\" class=\"attachment-large size-large\" alt=\"\" \/><\/div><div class=\"twae-description\"><p><a href=\"http:\/\/www.vidzeme.lv\/lv\/vidzemes_stasti\">St\u0101sti, kas biju\u0161i 2020 un agr\u0101k<\/a><\/p><\/div>\r\n                <\/div>\r\n        <\/div><\/div>\r\n    <div class=\"twae-end\"><\/div>\r\n    <\/div><style type=\"text\/css\"><\/style>\t\t<\/div>\n\t\t\t\t<\/div>\n\t\t\t\t\t<\/div>\n\t\t\t\t<\/div>\n\t\t\t\t\t\t\t<\/div>\n\t\t","protected":false},"excerpt":{"rendered":"<p>Vidzemes st\u0101sti &#8211; notikums ar trad\u012bciju 2022Vidzemes st\u0101sti 2022 Apskat\u012bt 2022. gada st\u0101stus 2021Vidzemes st\u0101sti 2021 Apskat\u012bt 2021. gada st\u0101stus 2020Vidzemes st\u0101sti 2020 un agr\u0101k St\u0101sti, kas biju\u0161i 2020 un agr\u0101k<\/p>\n","protected":false},"author":2,"featured_media":0,"parent":0,"menu_order":0,"comment_status":"closed","ping_status":"closed","template":"page-templates\/template-pagebuilder-full-width.php","meta":{"neve_meta_sidebar":"","neve_meta_container":"","neve_meta_enable_content_width":"","neve_meta_content_width":0,"neve_meta_title_alignment":"","neve_meta_author_avatar":"","neve_post_elements_order":"","neve_meta_disable_header":"","neve_meta_disable_footer":"","neve_meta_disable_title":"","footnotes":""},"class_list":["post-18","page","type-page","status-publish","hentry"],"_links":{"self":[{"href":"https:\/\/stasti.vidzeme.lv\/index.php\/wp-json\/wp\/v2\/pages\/18","targetHints":{"allow":["GET"]}}],"collection":[{"href":"https:\/\/stasti.vidzeme.lv\/index.php\/wp-json\/wp\/v2\/pages"}],"about":[{"href":"https:\/\/stasti.vidzeme.lv\/index.php\/wp-json\/wp\/v2\/types\/page"}],"author":[{"embeddable":true,"href":"https:\/\/stasti.vidzeme.lv\/index.php\/wp-json\/wp\/v2\/users\/2"}],"replies":[{"embeddable":true,"href":"https:\/\/stasti.vidzeme.lv\/index.php\/wp-json\/wp\/v2\/comments?post=18"}],"version-history":[{"count":35,"href":"https:\/\/stasti.vidzeme.lv\/index.php\/wp-json\/wp\/v2\/pages\/18\/revisions"}],"predecessor-version":[{"id":933,"href":"https:\/\/stasti.vidzeme.lv\/index.php\/wp-json\/wp\/v2\/pages\/18\/revisions\/933"}],"wp:attachment":[{"href":"https:\/\/stasti.vidzeme.lv\/index.php\/wp-json\/wp\/v2\/media?parent=18"}],"curies":[{"name":"wp","href":"https:\/\/api.w.org\/{rel}","templated":true}]}}